{"id":3,"date":"2020-09-24T18:31:55","date_gmt":"2020-09-24T18:31:55","guid":{"rendered":"http:\/\/360a.se\/?page_id=3"},"modified":"2021-02-09T10:28:13","modified_gmt":"2021-02-09T10:28:13","slug":"sekretess","status":"publish","type":"page","link":"https:\/\/360a.se\/en\/sekretess\/","title":{"rendered":"Privacy Policy"},"content":{"rendered":"<p>Vi anv\u00e4nder cookies, web beacons och liknande tekniker (gemensamt kallade \u201dcookies\u201d) f\u00f6r att f\u00f6rb\u00e4ttra din upplevelse med oss. Vi anv\u00e4nder cookies p\u00e5 v\u00e5ra webbplatser och i v\u00e5ra tj\u00e4nster, s\u00e5 som i v\u00e5r kundportal, v\u00e5r kassa och f\u00f6r v\u00e5ra andra betalningsalternativ. Denna cookiepolicy f\u00f6rklarar hur vi anv\u00e4nder cookies och din m\u00f6jlighet att v\u00e4lja hur de ska anv\u00e4ndas.<\/p>\n\n\n\n<p><strong>Vad \u00e4r cookies?<\/strong><\/p>\n\n\n\n<p>Cookies \u00e4r sm\u00e5 textfiler best\u00e5ende av bokst\u00e4ver och siffror. Dessa skickas fr\u00e5n 360Agencys eller v\u00e5ra partners webbserver och sparas p\u00e5 din enhet enligt nedan. Vi anv\u00e4nder oss av f\u00f6ljande cookies:<\/p>\n\n\n\n<p>Sessionscookies: tillf\u00e4lliga cookies som upph\u00f6r n\u00e4r du st\u00e4nger din webbl\u00e4sare eller app<\/p>\n\n\n\n<p>Varaktiga cookies: cookies som ligger kvar p\u00e5 din dator tills du raderar dem eller de upph\u00f6r att g\u00e4lla<\/p>\n\n\n\n<p>F\u00f6rstapartscookies: cookies satta av webbplatsen du bes\u00f6ker<\/p>\n\n\n\n<p>Tredjepartscookies: cookies satta av en tredjepartssida<\/p>\n\n\n\n<p>Web beacons \u00e4r sm\u00e5 transparenta grafiska bilder som kan finnas i e-post som vi skickar till dig. \u201dLiknande tekniker\u201d \u00e4r tekniker som lagrar information i din webbl\u00e4sare eller p\u00e5 din enhet p\u00e5 ett s\u00e4tt som liknar cookies och web beacons.<\/p>\n\n\n\n<p>Cookies g\u00f6r det m\u00f6jligt f\u00f6r v\u00e5r webbplats att komma ih\u00e5g dina val och preferenser (s\u00e5 som inloggning, textstorlek och andra inst\u00e4llningar) under en tid, s\u00e5 att du inte beh\u00f6ver st\u00e4lla in dem p\u00e5 nytt varje g\u00e5ng du bes\u00f6ker oss.<\/p>\n\n\n\n<p><strong>Varf\u00f6r anv\u00e4nder vi cookies?<\/strong><\/p>\n\n\n\n<p>Generellt sett kategoriserar vi v\u00e5ra cookies och deras anv\u00e4ndning enligt f\u00f6ljande:<\/p>\n\n\n\n<p>N\u00f6dv\u00e4ndiga cookies \u00e4r absolut n\u00f6dv\u00e4ndiga f\u00f6r att kunna erbjuda v\u00e5ra grundl\u00e4ggande tj\u00e4nster.<\/p>\n\n\n\n<p>Optimeringscookies ger oss \u00f6vergripande analytisk information avseende din anv\u00e4ndning av v\u00e5ra tj\u00e4nster.<\/p>\n\n\n\n<p>Preferenscookies m\u00f6jligg\u00f6r f\u00f6r oss att spara inst\u00e4llningar s\u00e5som spr\u00e5kval eller om vi ska f\u00f6rifylla dina uppgifter eller inte.<\/p>\n\n\n\n<p>S\u00e4kerhetsrelaterade cookies g\u00f6r v\u00e5ra tj\u00e4nster och din data trygg och s\u00e4ker, till exempel genom att hj\u00e4lpa oss att uppt\u00e4cka bedr\u00e4gerier och skydda din data.<\/p>\n\n\n\n<p>Marknadsf\u00f6ringscookies som f\u00f6rklaras nedan.<\/p>\n\n\n\n<p><strong>Marknadsf\u00f6ringscookies<\/strong><\/p>\n\n\n\n<p>360Agency anv\u00e4nder marknadsf\u00f6ringscookies f\u00f6r att anpassa och f\u00f6rb\u00e4ttra din upplevelse p\u00e5 v\u00e5r hemsida, i v\u00e5r marknadsf\u00f6ring och i tredjepartsannonsering.<\/p>\n\n\n\n<p>Automatiserad marknadsf\u00f6ring: cookies fr\u00e5n v\u00e5r plattform f\u00f6r marketing automation g\u00f6r att vi kan vara mer relevanta i v\u00e5r kommunikation med dig. Baserat p\u00e5 personuppgifter som anv\u00e4ndaren l\u00e4mnat frivilligt, t.ex. via formul\u00e4r p\u00e5 v\u00e5r hemsida, anv\u00e4nder 360Agency denna information f\u00f6r att f\u00f6rb\u00e4ttra m\u00f6jligheten att leverera mer relevant information p\u00e5 hemsidan och via annonskanaler.<\/p>\n\n\n\n<p>Analys: Analyscookies samlar in information om hur anv\u00e4ndarna interagerar med v\u00e5r hemsida och kundportal, vilket ger oss l\u00e4rdomar om \u00f6vergripande interaktionsm\u00f6nster snarare \u00e4n enskilda anv\u00e4ndares beteenden. Denna data hj\u00e4lper oss att f\u00f6rb\u00e4ttra din upplevelse p\u00e5 hemsidan och i v\u00e5r kundportal.<\/p>\n\n\n\n<p>Annonsering: Annonscookies samlar in information om dina aktiviteter och visat intresse p\u00e5 v\u00e5r hemsida s\u00e5 att vi kan visa relevant och m\u00e5linriktad annonsering i tredjepartskanaler (s\u00f6kmotorer, sociala medier och annonsn\u00e4tverk).<\/p>\n\n\n\n<p>Din webbl\u00e4sare eller enhet till\u00e5ter dig oftast att \u00e4ndra inst\u00e4llningarna f\u00f6r anv\u00e4ndningen och omfattningen av cookies. G\u00e5 till inst\u00e4llningarna f\u00f6r din webbl\u00e4sare eller enhet f\u00f6r att l\u00e4ra dig mer om hur du justerar inst\u00e4llningarna f\u00f6r cookies. Du kan till exempel v\u00e4lja att blockera alla cookies, endast acceptera f\u00f6rstapartscookies, eller radera cookies n\u00e4r du st\u00e4nger ner din webbl\u00e4sare.<\/p>\n\n\n\n<p>T\u00e4nk p\u00e5 att vissa av v\u00e5ra tj\u00e4nster kanske inte fungerar om du blockerar eller raderar cookies.<\/p>\n\n\n\n<p><strong>Cookies vi anv\u00e4nder<\/strong><\/p>\n\n\n\n<p>Vi kan komma att uppdatera denna policy i framtiden och uppmanar dig d\u00e4rf\u00f6r att granska den regelbundet f\u00f6r att h\u00e5lla dig uppdaterad om hur vi anv\u00e4nder cookies.<\/p>\n\n\n\n<p><strong>Hur kan du kontrollera 360Agencys anv\u00e4ndning av cookies?<\/strong><\/p>\n\n\n\n<p>Din webbl\u00e4sare eller enhet till\u00e5ter dig oftast att \u00e4ndra inst\u00e4llningarna f\u00f6r anv\u00e4ndningen och omfattningen av cookies, liksom f\u00f6r cookies som f\u00f6r tillf\u00e4llet lagras. V\u00e4nligen se din webbl\u00e4sares eller enhets referensinformation f\u00f6r att f\u00f6rst\u00e5 hur du justerar dina inst\u00e4llningar (f\u00f6r mer information, se aboutcookies.org). Du b\u00f6r till exempel kunna v\u00e4lja att blockera alla cookies, endast acceptera f\u00f6rstapartscookies eller radera cookies n\u00e4r du st\u00e4nger ner din webbl\u00e4sare.<\/p>\n\n\n\n<p>T\u00e4nk p\u00e5 att vissa av de tj\u00e4nster som vi erbjuder inte fungerar om du blockerar eller raderar cookies.<\/p>\n\n\n\n<p><strong>Kontakta oss<\/strong><\/p>\n\n\n\n<p>360Agency har ett dataskyddsombud, vilket du n\u00e5r via info@360a.se.<\/p>\n\n\n\n<p>360Agency AB \u00e4r personuppgiftsansvarig f\u00f6r behandlingen av dina personuppgifter enligt ovan. 360Agency AB f\u00f6ljer svensk dataskyddslagstiftning.<\/p>\n\n\n\n<p>360Agencys dataskyddspolicy<\/p>\n\n\n\n<p>Denna dataskyddspolicy f\u00f6rklarar hur vi samlar in och anv\u00e4nder dina personuppgifter.<\/p>\n\n\n\n<p><strong>Vilken information samlar vi in?<\/strong><\/p>\n\n\n\n<p>Information som du ger till oss.<\/p>\n\n\n\n<p>V\u00e4ljer du att skicka in dina uppgifter till oss s\u00e5 lagrar vi dessa f\u00f6r att kunna kontakta dig och fullg\u00f6ra v\u00e5rt ansvar som s\u00e4ljare eller k\u00f6pare av tj\u00e4nster och produkter.<\/p>\n\n\n\n<p>Vilka kan vi komma att dela din information till?<\/p>\n\n\n\n<p>360Agency delar inte ut informationen till n\u00e5gon tredje part.<\/p>\n\n\n\n<p><strong>Leverant\u00f6rer<\/strong><\/p>\n\n\n\n<p>Var behandlar vi dina personuppgifter?<\/p>\n\n\n\n<p>Dina personuppgifter kommer alltid att behandlas inom Sverige. Vi lagrar dem p\u00e5 ett s\u00e5 s\u00e4kert s\u00e4tt som m\u00f6jligt f\u00f6r att undvika att de kommer i fel h\u00e4nder.<\/p>\n\n\n\n<p>Hur l\u00e4nge sparar vi dina personuppgifter?<\/p>\n\n\n\n<p>Vi raderar personuppgifter p\u00e5 beg\u00e4ran fr\u00e5n v\u00e5ra kunder, i de fall som vi inte m\u00e5ste spara dem f\u00f6r att fullg\u00f6ra v\u00e5rt ansvar som k\u00f6pare eller s\u00e4ljare.<\/p>\n\n\n\n<p>Dina r\u00e4ttigheter till tillg\u00e5ng, r\u00e4ttelse och radering<\/p>\n\n\n\n<p>R\u00e4tt att f\u00e5 tillg\u00e5ng till din data. Du kan beg\u00e4ra en kopia av de uppgifter du skulle vilja veta och verifiera den information vi har om dig. Kopian \u00e4r gratis att beg\u00e4ra.<\/p>\n\n\n\n<p>R\u00e4tt till r\u00e4ttelse. Du har r\u00e4tt att korrigera felaktig eller icke-komplett information om dig sj\u00e4lv.<\/p>\n\n\n\n<p>R\u00e4tt att bli raderad (\u201cr\u00e4tten att bli bortgl\u00f6md\u201d). Kontakta oss s\u00e5 tar vi bort uppgifterna.<\/p>\n\n\n\n<p><strong>Kontakta oss<\/strong><\/p>\n\n\n\n<p>360Agency har ett dataskyddsombud, vilket du n\u00e5r via info@360a.se.<\/p>\n\n\n\n<p>360Agency AB \u00e4r personuppgiftsansvarig f\u00f6r behandlingen av dina personuppgifter enligt ovan. 360Agency AB f\u00f6ljer svensk dataskyddslagstiftning.<\/p>\n\n\n\n<p><strong>Denna policy uppdaterades 1:a februari 2021.<\/strong><\/p>","protected":false},"excerpt":{"rendered":"<p>Vi anv\u00e4nder cookies, web beacons och liknande tekniker (gemensamt kallade \u201dcookies\u201d) f\u00f6r att f\u00f6rb\u00e4ttra din upplevelse med oss. Vi anv\u00e4nder cookies p\u00e5 v\u00e5ra webbplatser och i v\u00e5ra tj\u00e4nster, s\u00e5 som i v\u00e5r kundportal, v\u00e5r kassa och f\u00f6r v\u00e5ra andra betalningsalternativ. Denna cookiepolicy f\u00f6rklarar hur vi anv\u00e4nder cookies och din m\u00f6jlighet att v\u00e4lja hur de ska [&hellip;]<\/p>\n","protected":false},"author":1,"featured_media":0,"parent":0,"menu_order":0,"comment_status":"closed","ping_status":"open","template":"","meta":{"_et_pb_use_builder":"","_et_pb_old_content":"","_et_gb_content_width":"1080","footnotes":""},"class_list":["post-3","page","type-page","status-publish","hentry"],"_links":{"self":[{"href":"https:\/\/360a.se\/en\/wp-json\/wp\/v2\/pages\/3","targetHints":{"allow":["GET"]}}],"collection":[{"href":"https:\/\/360a.se\/en\/wp-json\/wp\/v2\/pages"}],"about":[{"href":"https:\/\/360a.se\/en\/wp-json\/wp\/v2\/types\/page"}],"author":[{"embeddable":true,"href":"https:\/\/360a.se\/en\/wp-json\/wp\/v2\/users\/1"}],"replies":[{"embeddable":true,"href":"https:\/\/360a.se\/en\/wp-json\/wp\/v2\/comments?post=3"}],"version-history":[{"count":1,"href":"https:\/\/360a.se\/en\/wp-json\/wp\/v2\/pages\/3\/revisions"}],"predecessor-version":[{"id":126,"href":"https:\/\/360a.se\/en\/wp-json\/wp\/v2\/pages\/3\/revisions\/126"}],"wp:attachment":[{"href":"https:\/\/360a.se\/en\/wp-json\/wp\/v2\/media?parent=3"}],"curies":[{"name":"wp","href":"https:\/\/api.w.org\/{rel}","templated":true}]}}